{"id":11113,"date":"2025-11-10T11:55:54","date_gmt":"2025-11-10T10:55:54","guid":{"rendered":"https:\/\/gravitybp.com\/?page_id=11113"},"modified":"2025-11-10T11:55:54","modified_gmt":"2025-11-10T10:55:54","slug":"specialis-szerzodesi-feltetelek-sorvacsorakon-torteno-reszvetelhez","status":"publish","type":"page","link":"https:\/\/gravitybp.com\/hu\/specialis-szerzodesi-feltetelek-sorvacsorakon-torteno-reszvetelhez\/","title":{"rendered":"Speci\u00e1lis Szerz\u0151d\u00e9si Felt\u00e9telek S\u00f6rvacsor\u00e1kon t\u00f6rt\u00e9n\u0151 r\u00e9szv\u00e9telhez"},"content":{"rendered":"<div class=\"ttr_start\"><\/div><p>&nbsp;<\/p>\n<p>&nbsp;<\/p>\n<h1><\/h1>\n<h1><span style=\"font-weight: 400;\">Speci\u00e1lis Szerz\u0151d\u00e9si Felt\u00e9telek S\u00f6rvacsor\u00e1kon t\u00f6rt\u00e9n\u0151 r\u00e9szv\u00e9telhez<\/span><\/h1>\n<p>&nbsp;<\/p>\n<ol>\n<li><span style=\"font-weight: 400;\">Jelen Speci\u00e1lis Szerz\u0151d\u00e9si Felt\u00e9telek keret\u00e9ben t\u00e1j\u00e9koztatjuk a <\/span><b>Vev\u0151ket<\/b><span style=\"font-weight: 400;\">, hogy a <\/span><b>Gravity <\/b><b>Spirits Kft.<\/b><span> (1093 Budapest, L\u00f3nyay utca 22. Fsz. 2. ajt\u00f3, cg: 01-09-383499) \u00fcgyn\u00f6ki <\/span>tev\u00e9kenys\u00e9g keret\u00e9ben \u00e1rulja a Gravity Brewing Kft. (1093 Budapest, L\u00f3nyay utca 22. pinceszint, cg: 01-09-302212) \u00e1ltal a <b>Constellation Brasserie<\/b><span>-ben rendezend\u0151 <\/span>s\u00f6rvacsor\u00e1kat.<\/li>\n<\/ol>\n<p>&nbsp;<\/p>\n<ol start=\"2\">\n<li><span style=\"font-weight: 400;\"> Vev\u0151 a <\/span><a href=\"https:\/\/www.gravity.shop\/\" target=\"_blank\" rel=\"noopener\"><span style=\"font-weight: 400;\">Gravity Shop<\/span><\/a><span style=\"font-weight: 400;\"> weboldalon (a tov\u00e1bbiakban: weboldal) a s\u00f6rvacsor\u00e1ra <\/span>meghirdetett id\u0151pontok valamelyik\u00e9re id\u0151pontot foglalt, ezzel r\u00e9szv\u00e9teli sz\u00e1nd\u00e9k\u00e1t jelezte az esem\u00e9nyre. Vev\u0151 a s\u00f6rvacsor\u00e1n t\u00f6rt\u00e9n\u0151 r\u00e9szv\u00e9tel\u00e9rt el\u0151leg fizet\u00e9s\u00e9re k\u00f6teles, mely a weboldalon a Vev\u0151 \u00e1ltal megadott r\u00e9sztvev\u0151k sz\u00e1m\u00e1nak \u00e9s a s\u00f6rvacsor\u00e1k egy f\u0151re es\u0151 r\u00e9szv\u00e9teli d\u00edj\u00e1nak szorzat\u00e1val azonos.<\/li>\n<\/ol>\n<p>&nbsp;<\/p>\n<ol start=\"3\">\n<li><span style=\"font-weight: 400;\"> Vev\u0151 a weboldalon t\u00f6rt\u00e9n\u0151 id\u0151pont foglal\u00e1ssal v\u00e1llalja, hogy a fenti \u00f6sszeget <\/span>hi\u00e1nytalanul megfizeti.<\/li>\n<\/ol>\n<p>&nbsp;<\/p>\n<ol start=\"4\">\n<li><span style=\"font-weight: 400;\"> A lefoglalt s\u00f6rvacsora id\u0151pontj\u00e1t megel\u0151z\u0151 6 nappal Vev\u0151 jogosult a d\u00edjmentes <\/span>lemond\u00e1sra, mely esetben az \u00e1ltala megfizetett el\u0151leg visszafizet\u00e9sre ker\u00fcl. 6 napon bel\u00fcli lemond\u00e1s eset\u00e9n nincsen lehet\u0151s\u00e9g d\u00edjmentes lemond\u00e1sra, a megfizetett el\u0151leg meghi\u00fasul\u00e1si k\u00f6tb\u00e9rk\u00e9nt ker\u00fcl megtart\u00e1sra.<\/li>\n<\/ol>\n<p>&nbsp;<\/p>\n<ol start=\"5\">\n<li><span style=\"font-weight: 400;\"> A vonatkoz\u00f3 jogszab\u00e1lyok szerinti v\u00e9gsz\u00e1mla a s\u00f6rvacsora megtart\u00e1s\u00e1t k\u00f6vet\u0151en ker\u00fcl <\/span>ki\u00e1ll\u00edt\u00e1sra, melyb\u0151l a megfizetett el\u0151leg levon\u00e1sra ker\u00fcl.<\/li>\n<\/ol>\n<p>&nbsp;<\/p>\n<ol start=\"6\">\n<li><span style=\"font-weight: 400;\"> Egyebekben az \u00e9rt\u00e9kes\u00edt\u00e9si folyamatra \u00e9s a webshop haszn\u00e1latra a webshopon <\/span>tal\u00e1lhat\u00f3 \u00e1ltal\u00e1nos szerz\u0151d\u00e9si \u00e9s felhaszn\u00e1l\u00e1si felt\u00e9telek vonatkoznak.<\/li>\n<\/ol>\n<p>&nbsp;<\/p>\n<p><span style=\"font-weight: 400;\">Budapest, 2025. november 07.<\/span><\/p>\n<div class=\"ttr_end\"><\/div>","protected":false},"excerpt":{"rendered":"<p>&nbsp; &nbsp; Speci\u00e1lis Szerz\u0151d\u00e9si Felt\u00e9telek S\u00f6rvacsor\u00e1kon t\u00f6rt\u00e9n\u0151 r\u00e9szv\u00e9telhez &nbsp; Jelen Speci\u00e1lis Szerz\u0151d\u00e9si Felt\u00e9telek keret\u00e9ben t\u00e1j\u00e9koztatjuk a Vev\u0151ket, hogy a Gravity Spirits Kft. (1093 Budapest, L\u00f3nyay utca 22. Fsz. 2. ajt\u00f3, cg: 01-09-383499) \u00fcgyn\u00f6ki tev\u00e9kenys\u00e9g keret\u00e9ben \u00e1rulja a Gravity Brewing Kft. (1093 Budapest, L\u00f3nyay utca 22. pinceszint, cg: 01-09-302212) \u00e1ltal a Constellation Brasserie-ben rendezend\u0151 s\u00f6rvacsor\u00e1kat. &nbsp;&#8230;<\/p>\n","protected":false},"author":130,"featured_media":0,"parent":0,"menu_order":0,"comment_status":"closed","ping_status":"closed","template":"","meta":{"footnotes":""},"class_list":["post-11113","page","type-page","status-publish","hentry"],"_links":{"self":[{"href":"https:\/\/gravitybp.com\/hu\/wp-json\/wp\/v2\/pages\/11113","targetHints":{"allow":["GET"]}}],"collection":[{"href":"https:\/\/gravitybp.com\/hu\/wp-json\/wp\/v2\/pages"}],"about":[{"href":"https:\/\/gravitybp.com\/hu\/wp-json\/wp\/v2\/types\/page"}],"author":[{"embeddable":true,"href":"https:\/\/gravitybp.com\/hu\/wp-json\/wp\/v2\/users\/130"}],"replies":[{"embeddable":true,"href":"https:\/\/gravitybp.com\/hu\/wp-json\/wp\/v2\/comments?post=11113"}],"version-history":[{"count":0,"href":"https:\/\/gravitybp.com\/hu\/wp-json\/wp\/v2\/pages\/11113\/revisions"}],"wp:attachment":[{"href":"https:\/\/gravitybp.com\/hu\/wp-json\/wp\/v2\/media?parent=11113"}],"curies":[{"name":"wp","href":"https:\/\/api.w.org\/{rel}","templated":true}]}}