{"id":3669,"date":"2020-05-14T17:31:44","date_gmt":"2020-05-14T15:31:44","guid":{"rendered":"https:\/\/gravitybp.com\/blog-hu\/blogbejegyzes-archivum\/"},"modified":"2020-06-15T15:11:59","modified_gmt":"2020-06-15T13:11:59","slug":"blogbejegyzes-archivum","status":"publish","type":"page","link":"https:\/\/gravitybp.com\/hu\/blog-hu\/blogbejegyzes-archivum\/","title":{"rendered":"Blogbejegyz\u00e9s arch\u00edvum"},"content":{"rendered":"<div class=\"ttr_start\"><\/div><p><section id=\"bt_bb_section69f20b0019118\" class=\"bt_bb_section bt_bb_color_scheme_1 bt_bb_layout_boxed_1200 bt_bb_vertical_align_top bt_bb_background_overlay_dark_stripes bt_bb_top_spacing_medium bt_bb_bottom_spacing_medium\" style=\"; --section-primary-color:#ffffff; --section-secondary-color:#1D1D1B;\" data-bt-override-class=\"null\"><div class=\"bt_bb_background_image_holder_wrapper\"><div class=\"bt_bb_background_image_holder bt_bb_parallax\"  data-parallax=\"0.65\" data-parallax-offset=\"-50\" data-parallax-zoom-start=\"1\" data-parallax-zoom-end=\"1\" data-parallax-blur-start=\"0\" data-parallax-blur-end=\"0\" data-parallax-opacity-start=\"1\" data-parallax-opacity-end=\"1\" style=\" background-image:url(&#039;https:\/\/gravitybp.com\/wp-content\/uploads\/2020\/04\/Gravity-Brewing-Craft-Brewery-Budapest-Blog.png&#039;);\"><\/div><\/div><div class=\"bt_bb_port\"><div class=\"bt_bb_cell\"><div class=\"bt_bb_cell_inner\"><div class=\"bt_bb_row  bt_bb_column_gap_40\" style=\"; --column-gap:40px;\" data-bt-override-class=\"{}\"><div class=\"bt_bb_row_holder\" ><div  class=\"bt_bb_column col-xxl-8 col-xl-8 bt_bb_vertical_align_top bt_bb_align_left bt_bb_padding_normal\" style=\"; --column-width:8;\" data-width=\"8\" data-bt-override-class=\"{}\"><div class=\"bt_bb_column_content\"><div class=\"bt_bb_column_content_inner\"><div class=\"bt_bb_separator bt_bb_border_style_none bt_bb_top_spacing_medium\" data-bt-override-class=\"null\"><\/div><header class=\"bt_bb_headline bt_bb_font_weight_bolder bt_bb_dash_none bt_bb_superheadline bt_bb_size_normal bt_bb_align_inherit\" data-bt-override-class=\"{}\"><h1 class=\"bt_bb_headline_tag\"><span class=\"bt_bb_headline_superheadline\">S\u00f6rh\u00edrek Budapestr\u0151l<\/span><span class=\"bt_bb_headline_content\"><span>MINDEN BLOG BEJEGYZ\u00c9SUNK<\/span><\/span><\/h1><\/header><div class=\"bt_bb_separator bt_bb_border_style_none bt_bb_bottom_spacing_normal\" data-bt-override-class=\"null\"><\/div><div  class=\"bt_bb_text\" ><\/p>\n<p>Az al\u00e1bbi r\u00e1cs seg\u00edts\u00e9g\u00e9vel egyszer\u0171en keressen minden kor\u00e1bbi blogbejegyz\u00e9s\u00fcnket. \u00dcgyeljen arra, hogy a megfelel\u0151 kateg\u00f3ria szerint sz\u0171rje a megfelel\u0151 \u00fczenet megtal\u00e1l\u00e1s\u00e1hoz.<\/p>\n<p>\n<\/div><\/div><\/div><\/div><div  class=\"bt_bb_column col-xxl-4 col-xl-4 bt_bb_vertical_align_top bt_bb_align_left bt_bb_padding_normal\" style=\"; --column-width:4;\" data-width=\"4\" data-bt-override-class=\"{}\"><div class=\"bt_bb_column_content\"><div class=\"bt_bb_column_content_inner\"><\/div><\/div><\/div><\/div><\/div><\/div><!-- cell_inner --><\/div><!-- cell --><\/div><!-- port --><\/section><section id=\"bt_bb_section69f20b00193bd\" class=\"bt_bb_section bt_bb_layout_boxed_1200 bt_bb_vertical_align_top bt_bb_top_spacing_normal bt_bb_bottom_spacing_medium\"  data-bt-override-class=\"null\"><div class=\"bt_bb_port\"><div class=\"bt_bb_cell\"><div class=\"bt_bb_cell_inner\"><div class=\"bt_bb_row \"  data-bt-override-class=\"{}\"><div class=\"bt_bb_row_holder\" ><div  class=\"bt_bb_column col-xxl-12 col-xl-12 bt_bb_vertical_align_top bt_bb_align_left bt_bb_padding_normal\" style=\"; --column-width:12;\" data-width=\"12\" data-bt-override-class=\"{}\"><div class=\"bt_bb_column_content\"><div class=\"bt_bb_column_content_inner\"><div class=\"bt_bb_masonry_post_grid bt_bb_grid_container bt_bb_columns_3 bt_bb_gap_normal\" data-columns=\"3\"><div class=\"bt_bb_post_grid_filter\"><span class=\"bt_bb_post_grid_filter_item active\" data-category=\"\">All<\/span><span class=\"bt_bb_post_grid_filter_item\" data-category=\"sorfozo-nap\">S\u00f6rf\u0151z\u0151 nap<\/span><span class=\"bt_bb_post_grid_filter_item\" data-category=\"taproom-es-sorfozde\">Taproom \u00e9s s\u00f6rf\u0151zde<\/span><span class=\"bt_bb_post_grid_filter_item\" data-category=\"teszt-nanosorfozde\">Teszt nanos\u00f6rf\u0151zde<\/span><span class=\"bt_bb_post_grid_filter_item\" data-category=\"udvozlet\">\u00dcdv\u00f6zlet<\/span><\/div><div class=\"bt_bb_masonry_post_grid_content bt_bb_grid_hide\" data-bt-bb-masonry-post-grid-nonce=\"cdd363a615\" data-number=\"1000\" data-category=\"\" data-show=\"%7B%22category%22%3Afalse%2C%22date%22%3Atrue%2C%22author%22%3Atrue%2C%22comments%22%3Atrue%2C%22excerpt%22%3Atrue%2C%22share%22%3Atrue%7D\" data-auto-loading=\"\" data-post-type=\"post\" data-ignore-nonce=\"\"><div class=\"bt_bb_grid_sizer\"><\/div><\/div><div class=\"bt_bb_post_grid_loader\"><\/div><\/div><\/div><\/div><\/div><\/div><\/div><\/div><!-- cell_inner --><\/div><!-- cell --><\/div><!-- port --><\/section><\/p>\n<div class=\"ttr_end\"><\/div>","protected":false},"excerpt":{"rendered":"","protected":false},"author":7,"featured_media":0,"parent":3651,"menu_order":0,"comment_status":"closed","ping_status":"closed","template":"","meta":{"footnotes":""},"class_list":["post-3669","page","type-page","status-publish","hentry"],"_links":{"self":[{"href":"https:\/\/gravitybp.com\/hu\/wp-json\/wp\/v2\/pages\/3669","targetHints":{"allow":["GET"]}}],"collection":[{"href":"https:\/\/gravitybp.com\/hu\/wp-json\/wp\/v2\/pages"}],"about":[{"href":"https:\/\/gravitybp.com\/hu\/wp-json\/wp\/v2\/types\/page"}],"author":[{"embeddable":true,"href":"https:\/\/gravitybp.com\/hu\/wp-json\/wp\/v2\/users\/7"}],"replies":[{"embeddable":true,"href":"https:\/\/gravitybp.com\/hu\/wp-json\/wp\/v2\/comments?post=3669"}],"version-history":[{"count":0,"href":"https:\/\/gravitybp.com\/hu\/wp-json\/wp\/v2\/pages\/3669\/revisions"}],"up":[{"embeddable":true,"href":"https:\/\/gravitybp.com\/hu\/wp-json\/wp\/v2\/pages\/3651"}],"wp:attachment":[{"href":"https:\/\/gravitybp.com\/hu\/wp-json\/wp\/v2\/media?parent=3669"}],"curies":[{"name":"wp","href":"https:\/\/api.w.org\/{rel}","templated":true}]}}