{"id":3693,"date":"2020-05-14T18:41:45","date_gmt":"2020-05-14T16:41:45","guid":{"rendered":"https:\/\/gravitybp.com\/felhasznalasi-feltetelek\/"},"modified":"2022-03-10T14:53:57","modified_gmt":"2022-03-10T13:53:57","slug":"felhasznalasi-feltetelek","status":"publish","type":"page","link":"https:\/\/gravitybp.com\/hu\/felhasznalasi-feltetelek\/","title":{"rendered":"Felhaszn\u00e1l\u00e1si felt\u00e9telek"},"content":{"rendered":"<div class=\"ttr_start\"><\/div><section id=\"bt_bb_section69f1e407dfcf1\" class=\"bt_bb_section bt_bb_layout_boxed_1200 bt_bb_vertical_align_top bt_bb_top_spacing_large bt_bb_bottom_spacing_medium\"  data-bt-override-class=\"null\"><div class=\"bt_bb_port\"><div class=\"bt_bb_cell\"><div class=\"bt_bb_cell_inner\"><div class=\"bt_bb_row \"  data-bt-override-class=\"{}\"><div class=\"bt_bb_row_holder\" ><div  class=\"bt_bb_column col-xxl-12 col-xl-12 bt_bb_vertical_align_top bt_bb_align_left bt_bb_padding_normal\" style=\"; --column-width:12;\" data-width=\"12\" data-bt-override-class=\"{}\"><div class=\"bt_bb_column_content\"><div class=\"bt_bb_column_content_inner\"><header class=\"bt_bb_headline bt_bb_dash_bottom bt_bb_size_medium bt_bb_align_inherit\" data-bt-override-class=\"{}\"><h1 class=\"bt_bb_headline_tag\"><span class=\"bt_bb_headline_content\"><span>Felhaszn\u00e1l\u00e1si felt\u00e9telek<\/span><\/span><\/h1><\/header><div class=\"bt_bb_separator bt_bb_border_style_none bt_bb_top_spacing_extra_small bt_bb_bottom_spacing_extra_small\" data-bt-override-class=\"null\"><\/div><div  class=\"bt_bb_text\" >\n<!-- Legal document generated by Complianz | GDPR\/CCPA Cookie Consent https:\/\/wordpress.org\/plugins\/complianz-gdpr -->\n<div id=\"cmplz-document\" class=\"cmplz-document disclaimer cmplz-document-all\"><p>Gravity Holding Kft. mindent elk\u00f6vet az\u00e9rt, hogy a weboldalt friss\u00edtse \u00e9s mindent pontosan t\u00fcntessen fel rajta, azonban, ha valami pontatlans\u00e1got, vagy elavult inform\u00e1ci\u00f3t tal\u00e1l rajta, k\u00e9rj\u00fck jelezze azt \u00e9s amint lehet korrig\u00e1ljuk. K\u00e9rj\u00fck a <span class=\"cmplz-obfuscate\">&#105;&#110;f&#111;@<span class=\"cmplz-fmail-domain\">&#101;&#120;&#046;&#099;&#111;&#109;<\/span>&#103;r&#097;&#118;i&#116;&#121;&#098;&#112;&#046;&#099;om<\/span> e-mail c\u00edmre k\u00fcldje \u00e9szrev\u00e9teleit.<\/p><p>A Gravity Brewing Kft. nem felel\u0151s b\u00e1rminem\u0171 a honlapon l\u00e9v\u0151 hi\u00e1nyoss\u00e1g vagy pontatlans\u00e1g, vagy az internet el\u00e9r\u00e9s hi\u00e1ny\u00e1b\u00f3l fakad\u00f3 vesztes\u00e9g\u00e9rt. Adatlapok haszn\u00e1lat\u00e1n\u00e1l t\u00f6reksz\u00fcnk a lehet\u0151 legkevesebb mez\u0151 haszn\u00e1lat\u00e1ra. A Gravity Brewing Kft. nem v\u00e1llal felel\u0151ss\u00e9get a weboldalon a Gravity Brewing Kft. \u00e1ltal, vagy a Gravity Brewing Kft. nev\u00e9ben megosztott inform\u00e1ci\u00f3k, \u00f6tletek \u00e9s tan\u00e1csok felhaszn\u00e1l\u00e1s\u00e1b\u00f3l ered\u0151 vesztes\u00e9g\u00e9rt. <\/p><p>B\u00e1rmilyen e-mail \u00fczenetet, vagy a weboldalon kit\u00f6lt\u00f6tt adatlapot postai lev\u00e9lk\u00e9nt kezel\u00fcnk \u00e9s legk\u00e9s\u0151bb 30 napon bel\u00fcl v\u00e1laszolunk r\u00e1. Amennyiben komplexebb k\u00e9rd\u00e9sr\u0151l van sz\u00f3, 1 h\u00f3napon bel\u00fcl jelezz\u00fck, a v\u00e1lasz id\u0151tartam\u00e1t, ami maximum 3 h\u00f3nap.<\/p><p>B\u00e1rmilyen sz\u00e1munkra megadott szem\u00e9lyes adatot, az adatv\u00e9delmi nyilatkozatunk alapj\u00e1n kezel\u00fcnk.<\/p><p>Gravity Holding Kft. \u00e9sszer\u0171 keretek k\u00f6z\u00f6tt mindent megtesz, hogy a rendszereit megv\u00e9dje a jogs\u00e9rt\u0151 haszn\u00e1latt\u00f3l, a rendelkez\u00e9s\u00e9re \u00e1ll\u00f3 lehets\u00e9ges eszk\u00f6z\u00f6kkel. Mindazon\u00e1ltal a Gravity Holding Kft. nem v\u00e1llal felel\u0151ss\u00e9get semmilyen k\u00e1r\u00e9rt, amely a rendszereinek jogs\u00e9rt\u0151 haszn\u00e1lat\u00e1b\u00f3l fakad.<\/p><p>A Gravity Holding Kft. nem v\u00e1llal felel\u0151ss\u00e9get m\u00e1s weboldalak tartalm\u00e1\u00e9rt, amelyekr\u0151l \u00e9s amelyekre mutat\u00f3 hiperlinkek, vagy hivatkoz\u00e1sok tal\u00e1lhat\u00f3k. Harmadik f\u00e9l \u00e1ltal k\u00edn\u00e1lt term\u00e9kek vagy szolg\u00e1ltat\u00e1sok, a harmadik f\u00e9l \u00fczletszab\u00e1lyzat\u00e1nak kell, hogy megfeleljenek.<\/p><p>Minden weboldalon tal\u00e1lhat\u00f3 tartalom szellemi tulajdoni joga a Gravity Holding Kft.-t illeti.\n<\/p><p>A weboldalon tal\u00e1lhat\u00f3 tartalmak m\u00e1solat\u00e1ra, terjeszt\u00e9s\u00e9re \u00e9s felhaszn\u00e1l\u00e1s\u00e1ra csak a Gravity Holding Kft.-t\u0151l kapott \u00edr\u00e1sos enged\u00e9llyel van lehet\u0151s\u00e9g, kiv\u00e9ve \u00e9s csak annyiban, ha a k\u00f6telez\u0151 jogszab\u00e1lyok m\u00e1sk\u00e9nt nem rendelkeznek.<\/p><p>Ha b\u00e1rmilyen probl\u00e9ma vagy k\u00e9rd\u00e9s mer\u00fclne fel a weboldal haszn\u00e1lat\u00e1t illet\u0151en, ne habozzon felkeresni minket.<\/p><\/div><\/div><\/div><\/div><\/div><\/div><\/div><\/div><!-- cell_inner --><\/div><!-- cell --><\/div><!-- port --><\/section>\n<div class=\"ttr_end\"><\/div>","protected":false},"excerpt":{"rendered":"","protected":false},"author":7,"featured_media":0,"parent":0,"menu_order":0,"comment_status":"closed","ping_status":"closed","template":"","meta":{"footnotes":""},"class_list":["post-3693","page","type-page","status-publish","hentry"],"_links":{"self":[{"href":"https:\/\/gravitybp.com\/hu\/wp-json\/wp\/v2\/pages\/3693","targetHints":{"allow":["GET"]}}],"collection":[{"href":"https:\/\/gravitybp.com\/hu\/wp-json\/wp\/v2\/pages"}],"about":[{"href":"https:\/\/gravitybp.com\/hu\/wp-json\/wp\/v2\/types\/page"}],"author":[{"embeddable":true,"href":"https:\/\/gravitybp.com\/hu\/wp-json\/wp\/v2\/users\/7"}],"replies":[{"embeddable":true,"href":"https:\/\/gravitybp.com\/hu\/wp-json\/wp\/v2\/comments?post=3693"}],"version-history":[{"count":0,"href":"https:\/\/gravitybp.com\/hu\/wp-json\/wp\/v2\/pages\/3693\/revisions"}],"wp:attachment":[{"href":"https:\/\/gravitybp.com\/hu\/wp-json\/wp\/v2\/media?parent=3693"}],"curies":[{"name":"wp","href":"https:\/\/api.w.org\/{rel}","templated":true}]}}